{"id":932,"date":"2025-08-07T10:19:04","date_gmt":"2025-08-07T08:19:04","guid":{"rendered":"https:\/\/fontbonne1974.iotasolutions.fr\/mentions-legales\/"},"modified":"2025-08-08T12:04:16","modified_gmt":"2025-08-08T10:04:16","slug":"mentions-legales","status":"publish","type":"page","link":"https:\/\/fontbonne1874.com\/fr\/mentions-legales\/","title":{"rendered":"Mentions l\u00e9gales"},"content":{"rendered":"\t\t<div data-elementor-type=\"wp-page\" data-elementor-id=\"932\" class=\"elementor elementor-932 elementor-920\" data-elementor-post-type=\"page\">\n\t\t\t\t<div class=\"elementor-element elementor-element-5f5a78e e-con-full e-flex e-con e-parent\" data-id=\"5f5a78e\" data-element_type=\"container\">\n\t\t<div class=\"elementor-element elementor-element-093e44f e-con-full e-flex e-con e-child\" data-id=\"093e44f\" data-element_type=\"container\">\n\t\t\t\t<div class=\"elementor-element elementor-element-4462ce2 elementor-widget elementor-widget-heading\" data-id=\"4462ce2\" data-element_type=\"widget\" data-widget_type=\"heading.default\">\n\t\t\t\t<div class=\"elementor-widget-container\">\n\t\t\t\t\t<h1 class=\"elementor-heading-title elementor-size-default\">Mentions l\u00e9gales<\/h1>\t\t\t\t<\/div>\n\t\t\t\t<\/div>\n\t\t\t\t<div class=\"elementor-element elementor-element-9646dbe elementor-widget elementor-widget-text-editor\" data-id=\"9646dbe\" data-element_type=\"widget\" data-widget_type=\"text-editor.default\">\n\t\t\t\t<div class=\"elementor-widget-container\">\n\t\t\t\t\t\t\t\t\t<p><strong>Identification de l&rsquo;\u00e9diteur du site web<\/strong><\/p><p>SAS \u00c9TABLISSEMENTS GABRIEL BOUDIER Capital social de 1 600 000 \u20ac Num\u00e9ro de TVA : FR63015753981 \u2013 14 rue de Cluj 21000 Dijon Directeur de la publication : Florian Migeon<\/p><p><strong>Cr\u00e9dits<\/strong><\/p><p>D\u00e9veloppement et maintenance du site web<\/p><p>IOTA Solutions 4 rue des m\u00e9tiers, 21560 COUTERNON, FRANCE T\u00e9l. : +33 73 27 53 47 E-mail : <a target=\"_new\">contact@iota-solutions.fr<\/a> Site web : <a href=\"https:\/\/iota-solutions.fr\/\" target=\"_new\">https:\/\/iota-solutions.fr<\/a> SIRET : 89380910300029 Repr\u00e9sentant l\u00e9gal : Romain OLLIVIER<\/p><p><strong>H\u00e9bergement<\/strong><\/p><p>INFOMANIAK NETWORK SA 26, Avenue de la Praille \u2013 1227 Carouge \/ Gen\u00e8ve \u2013 SUISSE T\u00e9l. : +41 22 820 35 44 E-mail : <a target=\"_new\">contact@infomaniak.ch<\/a> Site web : <a href=\"http:\/\/www.infomaniak.ch\/\" target=\"_new\">www.infomaniak.ch<\/a><\/p><p><strong>Avertissement<\/strong><\/p><p>L&rsquo;acc\u00e8s et l&rsquo;utilisation du site cleageclinic.com sont soumis aux conditions d&rsquo;acc\u00e8s et d&rsquo;utilisation suivantes, qui vous lient et que vous \u00eates tenu de respecter. Par cons\u00e9quent, nous recommandons de lire attentivement ce qui suit. Fontbonne1874 affirme son statut d&rsquo;entreprise responsable. Nous vous rappelons, \u00e0 cet \u00e9gard, que l&rsquo;abus d&rsquo;alcool est dangereux pour la sant\u00e9. L&rsquo;alcool doit \u00eatre consomm\u00e9 avec mod\u00e9ration. L&rsquo;acc\u00e8s et l&rsquo;utilisation du site web <a href=\"https:\/\/fontbonne1874.com\/\" target=\"_new\">https:\/\/fontbonne1874.com\/<\/a> par des personnes situ\u00e9es en France sont strictement r\u00e9serv\u00e9s aux adultes. Par cons\u00e9quent, les personnes situ\u00e9es dans un pays ou territoire o\u00f9 l&rsquo;utilisation du site web <a href=\"https:\/\/fontbonne1874.com\/\" target=\"_new\">https:\/\/fontbonne1874.com\/<\/a> n&rsquo;est pas autoris\u00e9e par les lois et r\u00e8glements applicables, ou les personnes qui n&rsquo;ont pas l&rsquo;\u00e2ge requis pour acc\u00e9der \u00e0 ce site, sont pri\u00e9es de quitter imm\u00e9diatement le site <a href=\"https:\/\/fontbonne1874.com\/\" target=\"_new\">https:\/\/fontbonne1874.com\/<\/a>      <\/p><p><strong>Droits d&rsquo;auteur <\/strong><\/p><p>L&rsquo;ensemble du contenu de ce site est soumis au droit d&rsquo;auteur fran\u00e7ais et international et au droit de la propri\u00e9t\u00e9 intellectuelle. Les photographies, textes, slogans, dessins, images, s\u00e9quences anim\u00e9es, sonores ou non, ainsi que toutes les \u0153uvres int\u00e9gr\u00e9es au site sont la propri\u00e9t\u00e9 de la soci\u00e9t\u00e9 Fontbonne1874 ou de tiers qui ont autoris\u00e9 Fontbonne1874 \u00e0 les utiliser. Les logos, ic\u00f4nes et puces graphiques repr\u00e9sent\u00e9s sur le site sont prot\u00e9g\u00e9s par le droit d&rsquo;auteur et les articles L.511.1 et suivants du Code de la propri\u00e9t\u00e9 intellectuelle relatifs \u00e0 la protection des dessins et mod\u00e8les d\u00e9pos\u00e9s. Tous les droits de reproduction sont r\u00e9serv\u00e9s et strictement limit\u00e9s, y compris pour les documents t\u00e9l\u00e9chargeables et les repr\u00e9sentations iconographiques et photographiques. Les marques mentionn\u00e9es sur ce site sont d\u00e9pos\u00e9es par les soci\u00e9t\u00e9s qui en sont propri\u00e9taires. Toute utilisation non autoris\u00e9e de tout ou partie de ces droits par des tiers peut donner lieu \u00e0 des poursuites judiciaires.     <\/p><p><strong>Contenu du site<\/strong><\/p><p>Fontbonne1874 d\u00e9cline toute responsabilit\u00e9 en cas de retard de mise \u00e0 jour, ainsi qu&rsquo;en cas d&rsquo;interruption ou d&rsquo;indisponibilit\u00e9 temporaire du service. Fontbonne1874 se r\u00e9serve le droit de corriger, \u00e0 tout moment et sans pr\u00e9avis, le contenu de ce site. Les reproductions, sur support papier ou informatique, du site et des \u0153uvres qui y sont reproduites sont autoris\u00e9es \u00e0 condition qu&rsquo;elles soient strictement r\u00e9serv\u00e9es \u00e0 un usage personnel et priv\u00e9. Ceci exclut tout usage \u00e0 des fins publicitaires et\/ou commerciales, et\/ou d&rsquo;information et\/ou de conformit\u00e9 aux dispositions de l&rsquo;article L.122-5 du Code de la propri\u00e9t\u00e9 intellectuelle. Toute reproduction, repr\u00e9sentation, utilisation ou modification, par quelque proc\u00e9d\u00e9 que ce soit et sur quelque support que ce soit, de tout ou partie du site, de tout ou partie des diverses \u0153uvres qui le composent, sans avoir obtenu l&rsquo;autorisation pr\u00e9alable du directeur de la publication est strictement interdite, constitue un d\u00e9lit de contrefa\u00e7on et peut donner lieu \u00e0 des poursuites civiles et\/ou p\u00e9nales, ainsi qu&rsquo;au paiement de dommages-int\u00e9r\u00eats.    <\/p><p><strong>Acc\u00e8s au site<\/strong><\/p><p>L&rsquo;utilisateur du site <a href=\"https:\/\/fontbonne1874.com\/\" target=\"_new\">https:\/\/fontbonne1874.com\/<\/a> reconna\u00eet avoir la comp\u00e9tence et les moyens n\u00e9cessaires pour acc\u00e9der et utiliser ce site. Fontbonne1874 ne peut \u00eatre tenu responsable d&rsquo;\u00e9l\u00e9ments et d&rsquo;\u00e9v\u00e9nements ind\u00e9pendants de sa volont\u00e9 li\u00e9s \u00e0 l&rsquo;utilisation du site et de leurs effets ou d&rsquo;incompatibilit\u00e9s mat\u00e9rielles et\/ou logicielles et de dommages qui pourraient en r\u00e9sulter pour l&rsquo;environnement technique de l&rsquo;utilisateur, notamment pour ses ordinateurs, logiciels, \u00e9quipements r\u00e9seau et tout autre mat\u00e9riel utilis\u00e9 pour acc\u00e9der ou utiliser le service et\/ou les informations. Il est rappel\u00e9 qu&rsquo;acc\u00e9der ou se maintenir frauduleusement dans un syst\u00e8me informatique, entraver ou fausser son fonctionnement, introduire ou modifier frauduleusement des donn\u00e9es d&rsquo;un tel syst\u00e8me constitue un d\u00e9lit passible de sanctions p\u00e9nales.  <\/p><p><strong>Liens hypertextes<\/strong><\/p><p>Le site <a href=\"https:\/\/fontbonne1874.com\/\" target=\"_new\">https:\/\/fontbonne1874.com\/<\/a> permet l&rsquo;\u00e9tablissement d&rsquo;un lien hypertexte vers son contenu, sous r\u00e9serve :<\/p><p>d&rsquo;autorisation du directeur de la publication du site ; de ne pas utiliser la technique du lien profond, c&rsquo;est-\u00e0-dire que les pages du site <a href=\"https:\/\/fontbonne1874.com\/\" target=\"_new\">https:\/\/fontbonne1874.com\/<\/a> ne doivent pas \u00eatre int\u00e9gr\u00e9es dans les pages d&rsquo;un autre site mais accessibles par l&rsquo;ouverture d&rsquo;une fen\u00eatre d\u00e9di\u00e9e ; de mentionner la source qui pointera directement vers le contenu cibl\u00e9 par un lien hypertexte. Toute utilisation \u00e0 des fins commerciales ou publicitaires est exclue sauf disposition contraire. <\/p><p>Cette autorisation ne s&rsquo;applique pas aux sites web diffusant des informations de nature pol\u00e9mique, pornographique, x\u00e9nophobe, ou qui pourraient, dans une large mesure, heurter la sensibilit\u00e9 du plus grand nombre. Fontbonne1874 d\u00e9cline toute responsabilit\u00e9 quant au contenu des sites propos\u00e9s en liens, quel que soit le type de lien \u00e9tabli vers ou depuis <a href=\"https:\/\/fontbonne1874.com\/\" target=\"_new\">https:\/\/fontbonne1874.com\/<\/a> <\/p><p><strong>Protection des donn\u00e9es personnelles<\/strong><\/p><p>Toutes les donn\u00e9es collect\u00e9es sur ce site, par quelque moyen que ce soit, sont destin\u00e9es \u00e0 l&rsquo;usage exclusif de la soci\u00e9t\u00e9 Fontbonne1874. Conform\u00e9ment \u00e0 l&rsquo;article 34 de la loi 78-17 sur l&rsquo;informatique et les libert\u00e9s du 6 janvier 1978, modifi\u00e9e, et au R\u00e8glement g\u00e9n\u00e9ral sur la protection des donn\u00e9es (R\u00e8glement UE 2016\/679) ou \u00ab \u00ab RGPD \u00bb, \u00bb vous disposez d&rsquo;un droit d&rsquo;acc\u00e8s, de modification, de rectification et de suppression des donn\u00e9es vous concernant. Pour exercer ce droit, contactez-nous par e-mail \u00e0 : <a target=\"_new\">contact@prosper-maufoux.com<\/a>  <\/p><p><strong>Formulaire<\/strong><\/p><p>Les informations recueillies sur ce site par le biais de formulaires font l&rsquo;objet d&rsquo;un traitement informatique destin\u00e9 \u00e0 l&rsquo;\u00e9laboration d&rsquo;une proposition commerciale. Le destinataire des donn\u00e9es est : Florian Migeon. Conform\u00e9ment \u00e0 la loi Informatique et Libert\u00e9s du 6 janvier 1978, vous disposez d&rsquo;un droit d&rsquo;acc\u00e8s et de rectification aux informations vous concernant. Si vous souhaitez exercer ce droit et obtenir communication des informations vous concernant, contactez-nous \u00e0 l&rsquo;adresse ci-dessus.   <\/p><p><strong>Droits d&rsquo;auteur<\/strong><\/p><p>Tous droits r\u00e9serv\u00e9s \u00a9 Fontbonne1874 Tous droits de reproduction et de diffusion r\u00e9serv\u00e9s \u00a9 Fontbonne1874<\/p>\t\t\t\t\t\t\t\t<\/div>\n\t\t\t\t<\/div>\n\t\t\t\t<\/div>\n\t\t\t\t<\/div>\n\t\t\t\t<\/div>\n\t\t","protected":false},"excerpt":{"rendered":"<p>Identification de l&rsquo;\u00e9diteur du site web SAS \u00c9TABLISSEMENTS GABRIEL BOUDIER Capital social de 1 600 000 \u20ac Num\u00e9ro de TVA : FR63015753981 \u2013 14 rue de Cluj 21000 Dijon Directeur de la publication : Florian Migeon Cr\u00e9dits D\u00e9veloppement et maintenance du site web IOTA Solutions 4 rue des m\u00e9tiers, 21560 COUTERNON, FRANCE T\u00e9l. : +33 &#8230; <a title=\"Mentions l\u00e9gales\" class=\"read-more\" href=\"https:\/\/fontbonne1874.com\/fr\/mentions-legales\/\" aria-label=\"Read more about Mentions l\u00e9gales\">Lire la suite<\/a><\/p>\n","protected":false},"author":3,"featured_media":0,"parent":0,"menu_order":0,"comment_status":"closed","ping_status":"closed","template":"elementor_header_footer","meta":{"_acf_changed":false,"footnotes":""},"class_list":["post-932","page","type-page","status-publish"],"acf":[],"_links":{"self":[{"href":"https:\/\/fontbonne1874.com\/fr\/wp-json\/wp\/v2\/pages\/932","targetHints":{"allow":["GET"]}}],"collection":[{"href":"https:\/\/fontbonne1874.com\/fr\/wp-json\/wp\/v2\/pages"}],"about":[{"href":"https:\/\/fontbonne1874.com\/fr\/wp-json\/wp\/v2\/types\/page"}],"author":[{"embeddable":true,"href":"https:\/\/fontbonne1874.com\/fr\/wp-json\/wp\/v2\/users\/3"}],"replies":[{"embeddable":true,"href":"https:\/\/fontbonne1874.com\/fr\/wp-json\/wp\/v2\/comments?post=932"}],"version-history":[{"count":0,"href":"https:\/\/fontbonne1874.com\/fr\/wp-json\/wp\/v2\/pages\/932\/revisions"}],"wp:attachment":[{"href":"https:\/\/fontbonne1874.com\/fr\/wp-json\/wp\/v2\/media?parent=932"}],"curies":[{"name":"wp","href":"https:\/\/api.w.org\/{rel}","templated":true}]}}